{"id":158,"date":"2020-08-24T14:12:43","date_gmt":"2020-08-24T14:12:43","guid":{"rendered":"http:\/\/elvinclean.de\/?page_id=158"},"modified":"2020-09-04T09:53:32","modified_gmt":"2020-09-04T09:53:32","slug":"glas-und-wintergarten","status":"publish","type":"page","link":"https:\/\/elvinclean.de\/?page_id=158","title":{"rendered":"Glas- und Wintergarten"},"content":{"rendered":"\t\t<div data-elementor-type=\"wp-page\" data-elementor-id=\"158\" class=\"elementor elementor-158\" data-elementor-settings=\"[]\">\n\t\t\t\t\t\t<div class=\"elementor-inner\">\n\t\t\t\t\t\t\t<div class=\"elementor-section-wrap\">\n\t\t\t\t\t\t\t<section class=\"elementor-section elementor-top-section elementor-element elementor-element-52782fe elementor-section-boxed elementor-section-height-default elementor-section-height-default\" data-id=\"52782fe\" data-element_type=\"section\">\n\t\t\t\t\t\t<div class=\"elementor-container elementor-column-gap-default\">\n\t\t\t\t\t\t\t<div class=\"elementor-row\">\n\t\t\t\t\t<div class=\"elementor-column elementor-col-50 elementor-top-column elementor-element elementor-element-92db128\" data-id=\"92db128\" data-element_type=\"column\">\n\t\t\t<div class=\"elementor-column-wrap elementor-element-populated\">\n\t\t\t\t\t\t\t<div class=\"elementor-widget-wrap\">\n\t\t\t\t\t\t<div class=\"elementor-element elementor-element-fad1faa elementor-widget elementor-widget-image\" data-id=\"fad1faa\" data-element_type=\"widget\" data-widget_type=\"image.default\">\n\t\t\t\t<div class=\"elementor-widget-container\">\n\t\t\t\t\t<div class=\"elementor-image\">\n\t\t\t\t\t\t\t\t\t\t<img width=\"768\" height=\"1024\" src=\"https:\/\/elvinclean.de\/wp-content\/uploads\/2020\/09\/Glas-2.jpg\" class=\"attachment-large size-large\" alt=\"\" loading=\"lazy\" srcset=\"https:\/\/elvinclean.de\/wp-content\/uploads\/2020\/09\/Glas-2.jpg 768w, https:\/\/elvinclean.de\/wp-content\/uploads\/2020\/09\/Glas-2-225x300.jpg 225w\" sizes=\"(max-width: 768px) 100vw, 768px\" \/>\t\t\t\t\t\t\t\t\t\t\t<\/div>\n\t\t\t\t<\/div>\n\t\t\t\t<\/div>\n\t\t\t\t\t\t<\/div>\n\t\t\t\t\t<\/div>\n\t\t<\/div>\n\t\t\t\t<div class=\"elementor-column elementor-col-50 elementor-top-column elementor-element elementor-element-b45226e\" data-id=\"b45226e\" data-element_type=\"column\">\n\t\t\t<div class=\"elementor-column-wrap elementor-element-populated\">\n\t\t\t\t\t\t\t<div class=\"elementor-widget-wrap\">\n\t\t\t\t\t\t<div class=\"elementor-element elementor-element-18f1327 elementor-widget elementor-widget-text-editor\" data-id=\"18f1327\" data-element_type=\"widget\" data-widget_type=\"text-editor.default\">\n\t\t\t\t<div class=\"elementor-widget-container\">\n\t\t\t\t\t<div class=\"elementor-text-editor elementor-clearfix\"><p>Die Reinigung Ihrer Fenster sollten Sie unserem ausgebildeten Personal \u00fcberlassen. Sparen Sie Zeit, Nerven und Personalkosten. So wird die Arbeit professionell, schnell und kosteng\u00fcnstig erledigt. Wir das Team von ElvinClean sorgen f\u00fcr streifenfreien Glanz Ihrer Glasfl\u00e4chen auch an schwer zug\u00e4nglichen Stellen.<\/p><p>Es werden gereinigt: Fenster, Glasfassaden, Glasd\u00e4cher, Schaufenster oder Wintergarten. Daf\u00fcr sind wir gut ausger\u00fcstet und reinigen mit Hilfe von Leitern und Industriekletterer.<\/p><p>Die Reinigung erfolgt ausschlie\u00dflich mit fachgerechten und umweltschonenden Reinigungsmitteln.<\/p><p><u>\u00dcberblick Glasreinigung:<\/u><\/p><ul><li>Wintergarten<\/li><li>Glasreinigung f\u00fcr private Haushalte + betrieblichen Sektor<\/li><li>Schaufensterreinigung<\/li><\/ul><\/div>\n\t\t\t\t<\/div>\n\t\t\t\t<\/div>\n\t\t\t\t\t\t<\/div>\n\t\t\t\t\t<\/div>\n\t\t<\/div>\n\t\t\t\t\t\t\t\t<\/div>\n\t\t\t\t\t<\/div>\n\t\t<\/section>\n\t\t\t\t<section class=\"elementor-section elementor-top-section elementor-element elementor-element-65db486 elementor-section-boxed elementor-section-height-default elementor-section-height-default\" data-id=\"65db486\" data-element_type=\"section\">\n\t\t\t\t\t\t<div class=\"elementor-container elementor-column-gap-default\">\n\t\t\t\t\t\t\t<div class=\"elementor-row\">\n\t\t\t\t\t<div class=\"elementor-column elementor-col-100 elementor-top-column elementor-element elementor-element-88f6d56\" data-id=\"88f6d56\" data-element_type=\"column\">\n\t\t\t<div class=\"elementor-column-wrap elementor-element-populated\">\n\t\t\t\t\t\t\t<div class=\"elementor-widget-wrap\">\n\t\t\t\t\t\t<div class=\"elementor-element elementor-element-e9c04e0 elementor--h-position-center elementor--v-position-middle elementor-arrows-position-inside elementor-pagination-position-inside elementor-widget elementor-widget-slides\" data-id=\"e9c04e0\" data-element_type=\"widget\" data-settings=\"{&quot;navigation&quot;:&quot;both&quot;,&quot;autoplay&quot;:&quot;yes&quot;,&quot;pause_on_hover&quot;:&quot;yes&quot;,&quot;pause_on_interaction&quot;:&quot;yes&quot;,&quot;autoplay_speed&quot;:5000,&quot;infinite&quot;:&quot;yes&quot;,&quot;transition&quot;:&quot;slide&quot;,&quot;transition_speed&quot;:500}\" data-widget_type=\"slides.default\">\n\t\t\t\t<div class=\"elementor-widget-container\">\n\t\t\t\t\t<div class=\"elementor-swiper\">\n\t\t\t<div class=\"elementor-slides-wrapper elementor-main-swiper swiper-container\" dir=\"ltr\" data-animation=\"fadeInUp\">\n\t\t\t\t<div class=\"swiper-wrapper elementor-slides\">\n\t\t\t\t\t<div class=\"elementor-repeater-item-89cdf9d swiper-slide\"><div class=\"swiper-slide-bg elementor-ken-burns elementor-ken-burns--in\"><\/div><div class=\"elementor-background-overlay\"><\/div><a class=\"swiper-slide-inner\" href=\"https:\/\/elvinclean.de\/?page_id=90\"><div class=\"swiper-slide-contents\"><div class=\"elementor-slide-heading\">Jetzt Kontakt aufnehmen<\/div><div class=\"elementor-slide-description\">+49 (0) 7143 909 70 81<\/div><div  class=\"elementor-button elementor-slide-button elementor-size-sm\">Kostenloses Angebot<\/div><\/div><\/a><\/div>\t\t\t\t<\/div>\n\t\t\t\t\t\t\t<\/div>\n\t\t<\/div>\n\t\t\t\t<\/div>\n\t\t\t\t<\/div>\n\t\t\t\t\t\t<\/div>\n\t\t\t\t\t<\/div>\n\t\t<\/div>\n\t\t\t\t\t\t\t\t<\/div>\n\t\t\t\t\t<\/div>\n\t\t<\/section>\n\t\t\t\t\t\t<\/div>\n\t\t\t\t\t\t<\/div>\n\t\t\t\t\t<\/div>\n\t\t","protected":false},"excerpt":{"rendered":"<p>Die Reinigung Ihrer Fenster sollten Sie unserem ausgebildeten Personal \u00fcberlassen. Sparen Sie Zeit, Nerven und Personalkosten. So wird die Arbeit professionell, schnell und kosteng\u00fcnstig erledigt. Wir das Team von ElvinClean sorgen f\u00fcr streifenfreien Glanz Ihrer Glasfl\u00e4chen auch an schwer zug\u00e4nglichen Stellen. Es werden gereinigt: Fenster, Glasfassaden, Glasd\u00e4cher, Schaufenster oder Wintergarten. Daf\u00fcr sind wir gut ausger\u00fcstet [&hellip;]<\/p>\n","protected":false},"author":1,"featured_media":0,"parent":0,"menu_order":0,"comment_status":"closed","ping_status":"closed","template":"","meta":[],"_links":{"self":[{"href":"https:\/\/elvinclean.de\/index.php?rest_route=\/wp\/v2\/pages\/158"}],"collection":[{"href":"https:\/\/elvinclean.de\/index.php?rest_route=\/wp\/v2\/pages"}],"about":[{"href":"https:\/\/elvinclean.de\/index.php?rest_route=\/wp\/v2\/types\/page"}],"author":[{"embeddable":true,"href":"https:\/\/elvinclean.de\/index.php?rest_route=\/wp\/v2\/users\/1"}],"replies":[{"embeddable":true,"href":"https:\/\/elvinclean.de\/index.php?rest_route=%2Fwp%2Fv2%2Fcomments&post=158"}],"version-history":[{"count":4,"href":"https:\/\/elvinclean.de\/index.php?rest_route=\/wp\/v2\/pages\/158\/revisions"}],"predecessor-version":[{"id":269,"href":"https:\/\/elvinclean.de\/index.php?rest_route=\/wp\/v2\/pages\/158\/revisions\/269"}],"wp:attachment":[{"href":"https:\/\/elvinclean.de\/index.php?rest_route=%2Fwp%2Fv2%2Fmedia&parent=158"}],"curies":[{"name":"wp","href":"https:\/\/api.w.org\/{rel}","templated":true}]}}