{"id":160,"date":"2020-08-24T14:12:54","date_gmt":"2020-08-24T14:12:54","guid":{"rendered":"http:\/\/elvinclean.de\/?page_id=160"},"modified":"2020-09-04T10:04:21","modified_gmt":"2020-09-04T10:04:21","slug":"buero-und-unterhaltsreinigung","status":"publish","type":"page","link":"https:\/\/elvinclean.de\/?page_id=160","title":{"rendered":"B\u00fcro- und Unterhaltsreinigung"},"content":{"rendered":"\t\t<div data-elementor-type=\"wp-page\" data-elementor-id=\"160\" class=\"elementor elementor-160\" data-elementor-settings=\"[]\">\n\t\t\t\t\t\t<div class=\"elementor-inner\">\n\t\t\t\t\t\t\t<div class=\"elementor-section-wrap\">\n\t\t\t\t\t\t\t<section class=\"elementor-section elementor-top-section elementor-element elementor-element-3c0f241 elementor-section-boxed elementor-section-height-default elementor-section-height-default\" data-id=\"3c0f241\" data-element_type=\"section\">\n\t\t\t\t\t\t<div class=\"elementor-container elementor-column-gap-default\">\n\t\t\t\t\t\t\t<div class=\"elementor-row\">\n\t\t\t\t\t<div class=\"elementor-column elementor-col-100 elementor-top-column elementor-element elementor-element-08f6a89\" data-id=\"08f6a89\" data-element_type=\"column\">\n\t\t\t<div class=\"elementor-column-wrap elementor-element-populated\">\n\t\t\t\t\t\t\t<div class=\"elementor-widget-wrap\">\n\t\t\t\t\t\t<div class=\"elementor-element elementor-element-41468ae elementor-widget elementor-widget-text-editor\" data-id=\"41468ae\" data-element_type=\"widget\" data-widget_type=\"text-editor.default\">\n\t\t\t\t<div class=\"elementor-widget-container\">\n\t\t\t\t\t<div class=\"elementor-text-editor elementor-clearfix\"><p>Bei der B\u00fcroreinigung geht es um die regelm\u00e4\u00dfige Reinigung der B\u00fcror\u00e4ume inkl. der Einrichtungsgegenst\u00e4nde.<\/p><p>Die B\u00fcroreinigung ist bekannt auch als Unterhaltsreinigung, das durch die Vereinbarung der Zeitabst\u00e4nden durchgef\u00fchrt wird (nach Wunsch auch t\u00e4glich). Die Reinigung erfolgt entweder vor dem Arbeitsbeginn oder nach B\u00fcroschluss.<\/p><p>Bei der Unterhaltsreinigung reinigen wir den Arbeitsplatz und den Fu\u00dfboden, der M\u00fcll wird entsorgt, die K\u00fcche wird sauber gemacht und der Sanit\u00e4rbereich wird gereinigt. Auch der Computer, die Tastatur, die Maus, ect. was noch sich im Raum befindet wird von uns fachgerecht ges\u00e4ubert.<\/p><p>Die Unterhaltsreinigung wird auch in Wohnungen, Lagerhallen und Treppenh\u00e4user ausgef\u00fchrt.<\/p><\/div>\n\t\t\t\t<\/div>\n\t\t\t\t<\/div>\n\t\t\t\t\t\t<\/div>\n\t\t\t\t\t<\/div>\n\t\t<\/div>\n\t\t\t\t\t\t\t\t<\/div>\n\t\t\t\t\t<\/div>\n\t\t<\/section>\n\t\t\t\t<section class=\"elementor-section elementor-top-section elementor-element elementor-element-ff1d761 elementor-section-boxed elementor-section-height-default elementor-section-height-default\" data-id=\"ff1d761\" data-element_type=\"section\">\n\t\t\t\t\t\t<div class=\"elementor-container elementor-column-gap-default\">\n\t\t\t\t\t\t\t<div class=\"elementor-row\">\n\t\t\t\t\t<div class=\"elementor-column elementor-col-100 elementor-top-column elementor-element elementor-element-c4c7207\" data-id=\"c4c7207\" data-element_type=\"column\">\n\t\t\t<div class=\"elementor-column-wrap elementor-element-populated\">\n\t\t\t\t\t\t\t<div class=\"elementor-widget-wrap\">\n\t\t\t\t\t\t<div class=\"elementor-element elementor-element-0fc9ee6 elementor--h-position-center elementor--v-position-middle elementor-arrows-position-inside elementor-pagination-position-inside elementor-widget elementor-widget-slides\" data-id=\"0fc9ee6\" data-element_type=\"widget\" data-settings=\"{&quot;navigation&quot;:&quot;both&quot;,&quot;autoplay&quot;:&quot;yes&quot;,&quot;pause_on_hover&quot;:&quot;yes&quot;,&quot;pause_on_interaction&quot;:&quot;yes&quot;,&quot;autoplay_speed&quot;:5000,&quot;infinite&quot;:&quot;yes&quot;,&quot;transition&quot;:&quot;slide&quot;,&quot;transition_speed&quot;:500}\" data-widget_type=\"slides.default\">\n\t\t\t\t<div class=\"elementor-widget-container\">\n\t\t\t\t\t<div class=\"elementor-swiper\">\n\t\t\t<div class=\"elementor-slides-wrapper elementor-main-swiper swiper-container\" dir=\"ltr\" data-animation=\"fadeInUp\">\n\t\t\t\t<div class=\"swiper-wrapper elementor-slides\">\n\t\t\t\t\t<div class=\"elementor-repeater-item-30c753f swiper-slide\"><div class=\"swiper-slide-bg elementor-ken-burns elementor-ken-burns--in\"><\/div><div class=\"elementor-background-overlay\"><\/div><a class=\"swiper-slide-inner\" href=\"https:\/\/elvinclean.de\/?page_id=90\"><div class=\"swiper-slide-contents\"><div class=\"elementor-slide-heading\">Jetzt Kontakt aufnehmen<\/div><div class=\"elementor-slide-description\">+49 (0) 7143 909 70 81<\/div><div  class=\"elementor-button elementor-slide-button elementor-size-sm\">Kostenloses Angebot<\/div><\/div><\/a><\/div>\t\t\t\t<\/div>\n\t\t\t\t\t\t\t<\/div>\n\t\t<\/div>\n\t\t\t\t<\/div>\n\t\t\t\t<\/div>\n\t\t\t\t\t\t<\/div>\n\t\t\t\t\t<\/div>\n\t\t<\/div>\n\t\t\t\t\t\t\t\t<\/div>\n\t\t\t\t\t<\/div>\n\t\t<\/section>\n\t\t\t\t\t\t<\/div>\n\t\t\t\t\t\t<\/div>\n\t\t\t\t\t<\/div>\n\t\t","protected":false},"excerpt":{"rendered":"<p>Bei der B\u00fcroreinigung geht es um die regelm\u00e4\u00dfige Reinigung der B\u00fcror\u00e4ume inkl. der Einrichtungsgegenst\u00e4nde. Die B\u00fcroreinigung ist bekannt auch als Unterhaltsreinigung, das durch die Vereinbarung der Zeitabst\u00e4nden durchgef\u00fchrt wird (nach Wunsch auch t\u00e4glich). Die Reinigung erfolgt entweder vor dem Arbeitsbeginn oder nach B\u00fcroschluss. Bei der Unterhaltsreinigung reinigen wir den Arbeitsplatz und den Fu\u00dfboden, der M\u00fcll [&hellip;]<\/p>\n","protected":false},"author":1,"featured_media":0,"parent":0,"menu_order":0,"comment_status":"closed","ping_status":"closed","template":"","meta":[],"_links":{"self":[{"href":"https:\/\/elvinclean.de\/index.php?rest_route=\/wp\/v2\/pages\/160"}],"collection":[{"href":"https:\/\/elvinclean.de\/index.php?rest_route=\/wp\/v2\/pages"}],"about":[{"href":"https:\/\/elvinclean.de\/index.php?rest_route=\/wp\/v2\/types\/page"}],"author":[{"embeddable":true,"href":"https:\/\/elvinclean.de\/index.php?rest_route=\/wp\/v2\/users\/1"}],"replies":[{"embeddable":true,"href":"https:\/\/elvinclean.de\/index.php?rest_route=%2Fwp%2Fv2%2Fcomments&post=160"}],"version-history":[{"count":4,"href":"https:\/\/elvinclean.de\/index.php?rest_route=\/wp\/v2\/pages\/160\/revisions"}],"predecessor-version":[{"id":274,"href":"https:\/\/elvinclean.de\/index.php?rest_route=\/wp\/v2\/pages\/160\/revisions\/274"}],"wp:attachment":[{"href":"https:\/\/elvinclean.de\/index.php?rest_route=%2Fwp%2Fv2%2Fmedia&parent=160"}],"curies":[{"name":"wp","href":"https:\/\/api.w.org\/{rel}","templated":true}]}}