{"id":166,"date":"2020-08-24T14:13:24","date_gmt":"2020-08-24T14:13:24","guid":{"rendered":"http:\/\/elvinclean.de\/?page_id=166"},"modified":"2020-09-04T10:09:03","modified_gmt":"2020-09-04T10:09:03","slug":"polsterreinigung","status":"publish","type":"page","link":"https:\/\/elvinclean.de\/?page_id=166","title":{"rendered":"Polsterreinigung"},"content":{"rendered":"\t\t<div data-elementor-type=\"wp-page\" data-elementor-id=\"166\" class=\"elementor elementor-166\" data-elementor-settings=\"[]\">\n\t\t\t\t\t\t<div class=\"elementor-inner\">\n\t\t\t\t\t\t\t<div class=\"elementor-section-wrap\">\n\t\t\t\t\t\t\t<section class=\"elementor-section elementor-top-section elementor-element elementor-element-fc662c4 elementor-section-boxed elementor-section-height-default elementor-section-height-default\" data-id=\"fc662c4\" data-element_type=\"section\">\n\t\t\t\t\t\t<div class=\"elementor-container elementor-column-gap-default\">\n\t\t\t\t\t\t\t<div class=\"elementor-row\">\n\t\t\t\t\t<div class=\"elementor-column elementor-col-50 elementor-top-column elementor-element elementor-element-404e48b\" data-id=\"404e48b\" data-element_type=\"column\">\n\t\t\t<div class=\"elementor-column-wrap elementor-element-populated\">\n\t\t\t\t\t\t\t<div class=\"elementor-widget-wrap\">\n\t\t\t\t\t\t<div class=\"elementor-element elementor-element-d8df22f elementor-widget elementor-widget-image\" data-id=\"d8df22f\" data-element_type=\"widget\" data-widget_type=\"image.default\">\n\t\t\t\t<div class=\"elementor-widget-container\">\n\t\t\t\t\t<div class=\"elementor-image\">\n\t\t\t\t\t\t\t\t\t\t<img width=\"1024\" height=\"1024\" src=\"https:\/\/elvinclean.de\/wp-content\/uploads\/2020\/07\/8ff1759c-7bb5-444b-ab97-d7f873dde166-1024x1024.jpg\" class=\"attachment-large size-large\" alt=\"\" loading=\"lazy\" srcset=\"https:\/\/elvinclean.de\/wp-content\/uploads\/2020\/07\/8ff1759c-7bb5-444b-ab97-d7f873dde166-1024x1024.jpg 1024w, https:\/\/elvinclean.de\/wp-content\/uploads\/2020\/07\/8ff1759c-7bb5-444b-ab97-d7f873dde166-300x300.jpg 300w, https:\/\/elvinclean.de\/wp-content\/uploads\/2020\/07\/8ff1759c-7bb5-444b-ab97-d7f873dde166-150x150.jpg 150w, https:\/\/elvinclean.de\/wp-content\/uploads\/2020\/07\/8ff1759c-7bb5-444b-ab97-d7f873dde166-768x768.jpg 768w, https:\/\/elvinclean.de\/wp-content\/uploads\/2020\/07\/8ff1759c-7bb5-444b-ab97-d7f873dde166.jpg 1448w\" sizes=\"(max-width: 1024px) 100vw, 1024px\" \/>\t\t\t\t\t\t\t\t\t\t\t<\/div>\n\t\t\t\t<\/div>\n\t\t\t\t<\/div>\n\t\t\t\t\t\t<\/div>\n\t\t\t\t\t<\/div>\n\t\t<\/div>\n\t\t\t\t<div class=\"elementor-column elementor-col-50 elementor-top-column elementor-element elementor-element-e6887de\" data-id=\"e6887de\" data-element_type=\"column\">\n\t\t\t<div class=\"elementor-column-wrap elementor-element-populated\">\n\t\t\t\t\t\t\t<div class=\"elementor-widget-wrap\">\n\t\t\t\t\t\t<div class=\"elementor-element elementor-element-b5b3666 elementor-widget elementor-widget-text-editor\" data-id=\"b5b3666\" data-element_type=\"widget\" data-widget_type=\"text-editor.default\">\n\t\t\t\t<div class=\"elementor-widget-container\">\n\t\t\t\t\t<div class=\"elementor-text-editor elementor-clearfix\"><p>Wir reinigen vor Ort oder in unserem Reinigungsraum. Wie von Ihnen gew\u00fcnscht.<\/p><p><strong>Wir bieten:<\/strong><\/p><ul><li>Langj\u00e4hrige Erfahrung<\/li><li>Professionelle Reinigungsmaschinen<\/li><li>Schonende und gr\u00fcndliche Reinigung<\/li><li>Verl\u00e4ngerte Lebensdauer<\/li><li>Umweltschonende, biologisch-abbaubare Reinigungsmittel<\/li><li>Transport und Lagerservice<\/li><\/ul><\/div>\n\t\t\t\t<\/div>\n\t\t\t\t<\/div>\n\t\t\t\t\t\t<\/div>\n\t\t\t\t\t<\/div>\n\t\t<\/div>\n\t\t\t\t\t\t\t\t<\/div>\n\t\t\t\t\t<\/div>\n\t\t<\/section>\n\t\t\t\t<section class=\"elementor-section elementor-top-section elementor-element elementor-element-5f2ff58 elementor-section-boxed elementor-section-height-default elementor-section-height-default\" data-id=\"5f2ff58\" data-element_type=\"section\">\n\t\t\t\t\t\t<div class=\"elementor-container elementor-column-gap-default\">\n\t\t\t\t\t\t\t<div class=\"elementor-row\">\n\t\t\t\t\t<div class=\"elementor-column elementor-col-100 elementor-top-column elementor-element elementor-element-603d351\" data-id=\"603d351\" data-element_type=\"column\">\n\t\t\t<div class=\"elementor-column-wrap elementor-element-populated\">\n\t\t\t\t\t\t\t<div class=\"elementor-widget-wrap\">\n\t\t\t\t\t\t<div class=\"elementor-element elementor-element-93d4115 elementor--h-position-center elementor--v-position-middle elementor-arrows-position-inside elementor-pagination-position-inside elementor-widget elementor-widget-slides\" data-id=\"93d4115\" data-element_type=\"widget\" data-settings=\"{&quot;navigation&quot;:&quot;both&quot;,&quot;autoplay&quot;:&quot;yes&quot;,&quot;pause_on_hover&quot;:&quot;yes&quot;,&quot;pause_on_interaction&quot;:&quot;yes&quot;,&quot;autoplay_speed&quot;:5000,&quot;infinite&quot;:&quot;yes&quot;,&quot;transition&quot;:&quot;slide&quot;,&quot;transition_speed&quot;:500}\" data-widget_type=\"slides.default\">\n\t\t\t\t<div class=\"elementor-widget-container\">\n\t\t\t\t\t<div class=\"elementor-swiper\">\n\t\t\t<div class=\"elementor-slides-wrapper elementor-main-swiper swiper-container\" dir=\"ltr\" data-animation=\"fadeInUp\">\n\t\t\t\t<div class=\"swiper-wrapper elementor-slides\">\n\t\t\t\t\t<div class=\"elementor-repeater-item-452be56 swiper-slide\"><div class=\"swiper-slide-bg elementor-ken-burns elementor-ken-burns--in\"><\/div><div class=\"elementor-background-overlay\"><\/div><a class=\"swiper-slide-inner\" href=\"https:\/\/elvinclean.de\/?page_id=90\"><div class=\"swiper-slide-contents\"><div class=\"elementor-slide-heading\">Jetzt Kontakt aufnehmen<\/div><div class=\"elementor-slide-description\">+49 (0) 7143 909 70 81\n<\/div><div  class=\"elementor-button elementor-slide-button elementor-size-sm\">Kostenloses Angebot<\/div><\/div><\/a><\/div>\t\t\t\t<\/div>\n\t\t\t\t\t\t\t<\/div>\n\t\t<\/div>\n\t\t\t\t<\/div>\n\t\t\t\t<\/div>\n\t\t\t\t\t\t<\/div>\n\t\t\t\t\t<\/div>\n\t\t<\/div>\n\t\t\t\t\t\t\t\t<\/div>\n\t\t\t\t\t<\/div>\n\t\t<\/section>\n\t\t\t\t\t\t<\/div>\n\t\t\t\t\t\t<\/div>\n\t\t\t\t\t<\/div>\n\t\t","protected":false},"excerpt":{"rendered":"<p>Wir reinigen vor Ort oder in unserem Reinigungsraum. Wie von Ihnen gew\u00fcnscht. Wir bieten: Langj\u00e4hrige Erfahrung Professionelle Reinigungsmaschinen Schonende und gr\u00fcndliche Reinigung Verl\u00e4ngerte Lebensdauer Umweltschonende, biologisch-abbaubare Reinigungsmittel Transport und Lagerservice Jetzt Kontakt aufnehmen+49 (0) 7143 909 70 81 Kostenloses Angebot<\/p>\n","protected":false},"author":1,"featured_media":0,"parent":0,"menu_order":0,"comment_status":"closed","ping_status":"closed","template":"","meta":[],"_links":{"self":[{"href":"https:\/\/elvinclean.de\/index.php?rest_route=\/wp\/v2\/pages\/166"}],"collection":[{"href":"https:\/\/elvinclean.de\/index.php?rest_route=\/wp\/v2\/pages"}],"about":[{"href":"https:\/\/elvinclean.de\/index.php?rest_route=\/wp\/v2\/types\/page"}],"author":[{"embeddable":true,"href":"https:\/\/elvinclean.de\/index.php?rest_route=\/wp\/v2\/users\/1"}],"replies":[{"embeddable":true,"href":"https:\/\/elvinclean.de\/index.php?rest_route=%2Fwp%2Fv2%2Fcomments&post=166"}],"version-history":[{"count":4,"href":"https:\/\/elvinclean.de\/index.php?rest_route=\/wp\/v2\/pages\/166\/revisions"}],"predecessor-version":[{"id":278,"href":"https:\/\/elvinclean.de\/index.php?rest_route=\/wp\/v2\/pages\/166\/revisions\/278"}],"wp:attachment":[{"href":"https:\/\/elvinclean.de\/index.php?rest_route=%2Fwp%2Fv2%2Fmedia&parent=166"}],"curies":[{"name":"wp","href":"https:\/\/api.w.org\/{rel}","templated":true}]}}