{"id":170,"date":"2020-08-24T14:13:43","date_gmt":"2020-08-24T14:13:43","guid":{"rendered":"http:\/\/elvinclean.de\/?page_id=170"},"modified":"2020-09-04T10:12:03","modified_gmt":"2020-09-04T10:12:03","slug":"grundreinigung","status":"publish","type":"page","link":"https:\/\/elvinclean.de\/?page_id=170","title":{"rendered":"Grundreinigung"},"content":{"rendered":"\t\t<div data-elementor-type=\"wp-page\" data-elementor-id=\"170\" class=\"elementor elementor-170\" data-elementor-settings=\"[]\">\n\t\t\t\t\t\t<div class=\"elementor-inner\">\n\t\t\t\t\t\t\t<div class=\"elementor-section-wrap\">\n\t\t\t\t\t\t\t<section class=\"elementor-section elementor-top-section elementor-element elementor-element-3c96aa5 elementor-section-boxed elementor-section-height-default elementor-section-height-default\" data-id=\"3c96aa5\" data-element_type=\"section\">\n\t\t\t\t\t\t<div class=\"elementor-container elementor-column-gap-default\">\n\t\t\t\t\t\t\t<div class=\"elementor-row\">\n\t\t\t\t\t<div class=\"elementor-column elementor-col-50 elementor-top-column elementor-element elementor-element-04d074c\" data-id=\"04d074c\" data-element_type=\"column\">\n\t\t\t<div class=\"elementor-column-wrap elementor-element-populated\">\n\t\t\t\t\t\t\t<div class=\"elementor-widget-wrap\">\n\t\t\t\t\t\t<div class=\"elementor-element elementor-element-86a87a4 elementor-widget elementor-widget-image\" data-id=\"86a87a4\" data-element_type=\"widget\" data-widget_type=\"image.default\">\n\t\t\t\t<div class=\"elementor-widget-container\">\n\t\t\t\t\t<div class=\"elementor-image\">\n\t\t\t\t\t\t\t\t\t\t<img width=\"1024\" height=\"1024\" src=\"https:\/\/elvinclean.de\/wp-content\/uploads\/2020\/07\/9efc5a53-4aa1-413a-a8b3-9250b58b8cfe-1024x1024.jpg\" class=\"attachment-large size-large\" alt=\"\" loading=\"lazy\" srcset=\"https:\/\/elvinclean.de\/wp-content\/uploads\/2020\/07\/9efc5a53-4aa1-413a-a8b3-9250b58b8cfe-1024x1024.jpg 1024w, https:\/\/elvinclean.de\/wp-content\/uploads\/2020\/07\/9efc5a53-4aa1-413a-a8b3-9250b58b8cfe-300x300.jpg 300w, https:\/\/elvinclean.de\/wp-content\/uploads\/2020\/07\/9efc5a53-4aa1-413a-a8b3-9250b58b8cfe-150x150.jpg 150w, https:\/\/elvinclean.de\/wp-content\/uploads\/2020\/07\/9efc5a53-4aa1-413a-a8b3-9250b58b8cfe-768x768.jpg 768w, https:\/\/elvinclean.de\/wp-content\/uploads\/2020\/07\/9efc5a53-4aa1-413a-a8b3-9250b58b8cfe.jpg 1448w\" sizes=\"(max-width: 1024px) 100vw, 1024px\" \/>\t\t\t\t\t\t\t\t\t\t\t<\/div>\n\t\t\t\t<\/div>\n\t\t\t\t<\/div>\n\t\t\t\t\t\t<\/div>\n\t\t\t\t\t<\/div>\n\t\t<\/div>\n\t\t\t\t<div class=\"elementor-column elementor-col-50 elementor-top-column elementor-element elementor-element-a488af3\" data-id=\"a488af3\" data-element_type=\"column\">\n\t\t\t<div class=\"elementor-column-wrap elementor-element-populated\">\n\t\t\t\t\t\t\t<div class=\"elementor-widget-wrap\">\n\t\t\t\t\t\t<div class=\"elementor-element elementor-element-0c2e465 elementor-widget elementor-widget-text-editor\" data-id=\"0c2e465\" data-element_type=\"widget\" data-widget_type=\"text-editor.default\">\n\t\t\t\t<div class=\"elementor-widget-container\">\n\t\t\t\t\t<div class=\"elementor-text-editor elementor-clearfix\"><p>Die Grundreinigung wird an alle Bodenarten durchgef\u00fchrt und bei Wunsch beschichtet. Es werden haftende oder hartn\u00e4ckige Verschmutzungen wie z. B. Farbflecken beseitigt.<\/p><p><strong>Durchf\u00fchrung der Grundreinigung:<\/strong><\/p><ul><li>Reinigung der Bodenbel\u00e4gen<\/li><li>Glas- und Rahmenreinigung + Fensterb\u00e4nke<\/li><li>Reinigung der T\u00fcren<\/li><li>Reinigung der Sanit\u00e4rbereiche<\/li><li>Photovoltaik Reinigung<\/li><\/ul><\/div>\n\t\t\t\t<\/div>\n\t\t\t\t<\/div>\n\t\t\t\t\t\t<\/div>\n\t\t\t\t\t<\/div>\n\t\t<\/div>\n\t\t\t\t\t\t\t\t<\/div>\n\t\t\t\t\t<\/div>\n\t\t<\/section>\n\t\t\t\t<section class=\"elementor-section elementor-top-section elementor-element elementor-element-3659524 elementor-section-boxed elementor-section-height-default elementor-section-height-default\" data-id=\"3659524\" data-element_type=\"section\">\n\t\t\t\t\t\t<div class=\"elementor-container elementor-column-gap-default\">\n\t\t\t\t\t\t\t<div class=\"elementor-row\">\n\t\t\t\t\t<div class=\"elementor-column elementor-col-100 elementor-top-column elementor-element elementor-element-4ba9ff5\" data-id=\"4ba9ff5\" data-element_type=\"column\">\n\t\t\t<div class=\"elementor-column-wrap elementor-element-populated\">\n\t\t\t\t\t\t\t<div class=\"elementor-widget-wrap\">\n\t\t\t\t\t\t<div class=\"elementor-element elementor-element-82b5abf elementor--h-position-center elementor--v-position-middle elementor-arrows-position-inside elementor-pagination-position-inside elementor-widget elementor-widget-slides\" data-id=\"82b5abf\" data-element_type=\"widget\" data-settings=\"{&quot;navigation&quot;:&quot;both&quot;,&quot;autoplay&quot;:&quot;yes&quot;,&quot;pause_on_hover&quot;:&quot;yes&quot;,&quot;pause_on_interaction&quot;:&quot;yes&quot;,&quot;autoplay_speed&quot;:5000,&quot;infinite&quot;:&quot;yes&quot;,&quot;transition&quot;:&quot;slide&quot;,&quot;transition_speed&quot;:500}\" data-widget_type=\"slides.default\">\n\t\t\t\t<div class=\"elementor-widget-container\">\n\t\t\t\t\t<div class=\"elementor-swiper\">\n\t\t\t<div class=\"elementor-slides-wrapper elementor-main-swiper swiper-container\" dir=\"ltr\" data-animation=\"fadeInUp\">\n\t\t\t\t<div class=\"swiper-wrapper elementor-slides\">\n\t\t\t\t\t<div class=\"elementor-repeater-item-1083a5b swiper-slide\"><div class=\"swiper-slide-bg elementor-ken-burns elementor-ken-burns--in\"><\/div><div class=\"elementor-background-overlay\"><\/div><a class=\"swiper-slide-inner\" href=\"https:\/\/elvinclean.de\/?page_id=90\"><div class=\"swiper-slide-contents\"><div class=\"elementor-slide-heading\">Jetzt Kontakt aufnehmen<\/div><div class=\"elementor-slide-description\">+49 (0) 7143 909 70 81<\/div><div  class=\"elementor-button elementor-slide-button elementor-size-sm\">Kostenloses Angebot<\/div><\/div><\/a><\/div>\t\t\t\t<\/div>\n\t\t\t\t\t\t\t<\/div>\n\t\t<\/div>\n\t\t\t\t<\/div>\n\t\t\t\t<\/div>\n\t\t\t\t\t\t<\/div>\n\t\t\t\t\t<\/div>\n\t\t<\/div>\n\t\t\t\t\t\t\t\t<\/div>\n\t\t\t\t\t<\/div>\n\t\t<\/section>\n\t\t\t\t\t\t<\/div>\n\t\t\t\t\t\t<\/div>\n\t\t\t\t\t<\/div>\n\t\t","protected":false},"excerpt":{"rendered":"<p>Die Grundreinigung wird an alle Bodenarten durchgef\u00fchrt und bei Wunsch beschichtet. Es werden haftende oder hartn\u00e4ckige Verschmutzungen wie z. B. Farbflecken beseitigt. Durchf\u00fchrung der Grundreinigung: Reinigung der Bodenbel\u00e4gen Glas- und Rahmenreinigung + Fensterb\u00e4nke Reinigung der T\u00fcren Reinigung der Sanit\u00e4rbereiche Photovoltaik Reinigung Jetzt Kontakt aufnehmen+49 (0) 7143 909 70 81Kostenloses Angebot<\/p>\n","protected":false},"author":1,"featured_media":0,"parent":0,"menu_order":0,"comment_status":"closed","ping_status":"closed","template":"","meta":[],"_links":{"self":[{"href":"https:\/\/elvinclean.de\/index.php?rest_route=\/wp\/v2\/pages\/170"}],"collection":[{"href":"https:\/\/elvinclean.de\/index.php?rest_route=\/wp\/v2\/pages"}],"about":[{"href":"https:\/\/elvinclean.de\/index.php?rest_route=\/wp\/v2\/types\/page"}],"author":[{"embeddable":true,"href":"https:\/\/elvinclean.de\/index.php?rest_route=\/wp\/v2\/users\/1"}],"replies":[{"embeddable":true,"href":"https:\/\/elvinclean.de\/index.php?rest_route=%2Fwp%2Fv2%2Fcomments&post=170"}],"version-history":[{"count":2,"href":"https:\/\/elvinclean.de\/index.php?rest_route=\/wp\/v2\/pages\/170\/revisions"}],"predecessor-version":[{"id":279,"href":"https:\/\/elvinclean.de\/index.php?rest_route=\/wp\/v2\/pages\/170\/revisions\/279"}],"wp:attachment":[{"href":"https:\/\/elvinclean.de\/index.php?rest_route=%2Fwp%2Fv2%2Fmedia&parent=170"}],"curies":[{"name":"wp","href":"https:\/\/api.w.org\/{rel}","templated":true}]}}